{"id":19511,"date":"2024-06-03T11:48:40","date_gmt":"2024-06-03T09:48:40","guid":{"rendered":"https:\/\/termosol.es\/?page_id=19511"},"modified":"2024-06-03T12:14:57","modified_gmt":"2024-06-03T10:14:57","slug":"politica-de-privacidad","status":"publish","type":"page","link":"https:\/\/termosol.es\/en\/politica-de-privacidad\/","title":{"rendered":"Pol\u00edtica de Privacidad"},"content":{"rendered":"<div data-elementor-type=\"wp-page\" data-elementor-id=\"19511\" class=\"elementor elementor-19511\">\n\t\t\t\t\t\t<section class=\"elementor-section elementor-top-section elementor-element elementor-element-8759957 elementor-section-boxed elementor-section-height-default elementor-section-height-default sc_fly_static\" data-id=\"8759957\" data-element_type=\"section\">\n\t\t\t\t\t\t<div class=\"elementor-container elementor-column-gap-extended\">\n\t\t\t\t\t<div class=\"elementor-column elementor-col-100 elementor-top-column elementor-element elementor-element-2880220 sc_inner_width_none sc_content_align_inherit sc_layouts_column_icons_position_left sc_fly_static\" data-id=\"2880220\" data-element_type=\"column\">\n\t\t\t<div class=\"elementor-widget-wrap elementor-element-populated\">\n\t\t\t\t\t\t<div class=\"elementor-element elementor-element-704c6f9 sc_fly_static elementor-widget elementor-widget-heading\" data-id=\"704c6f9\" data-element_type=\"widget\" data-widget_type=\"heading.default\">\n\t\t\t\t<div class=\"elementor-widget-container\">\n\t\t\t<h2 class=\"elementor-heading-title elementor-size-default\">Pol\u00edtica de Privacidad<\/h2>\t\t<\/div>\n\t\t\t\t<\/div>\n\t\t\t\t<div class=\"elementor-element elementor-element-da78883 sc_fly_static elementor-widget elementor-widget-spacer\" data-id=\"da78883\" data-element_type=\"widget\" data-widget_type=\"spacer.default\">\n\t\t\t\t<div class=\"elementor-widget-container\">\n\t\t\t\t\t<div class=\"elementor-spacer\">\n\t\t\t<div class=\"elementor-spacer-inner\"><\/div>\n\t\t<\/div>\n\t\t\t\t<\/div>\n\t\t\t\t<\/div>\n\t\t\t\t\t<\/div>\n\t\t<\/div>\n\t\t\t\t\t<\/div>\n\t\t<\/section>\n\t\t\t\t<section class=\"elementor-section elementor-top-section elementor-element elementor-element-2c989b32 elementor-section-boxed elementor-section-height-default elementor-section-height-default sc_fly_static\" data-id=\"2c989b32\" data-element_type=\"section\">\n\t\t\t\t\t\t<div class=\"elementor-container elementor-column-gap-extended\">\n\t\t\t\t\t<div class=\"elementor-column elementor-col-100 elementor-top-column elementor-element elementor-element-31547fb6 sc_inner_width_none sc_content_align_inherit sc_layouts_column_icons_position_left sc_fly_static\" data-id=\"31547fb6\" data-element_type=\"column\">\n\t\t\t<div class=\"elementor-widget-wrap elementor-element-populated\">\n\t\t\t\t\t\t<div class=\"elementor-element elementor-element-4a4108fa sc_fly_static elementor-widget elementor-widget-text-editor\" data-id=\"4a4108fa\" data-element_type=\"widget\" data-widget_type=\"text-editor.default\">\n\t\t\t\t<div class=\"elementor-widget-container\">\n\t\t\t\t\t\t\t<!-- wp:paragraph -->\n<p>A trav\u00e9s de la presente pol\u00edtica de Protecci\u00f3n de Datos Personales, Termosol, garantiza el cumplimiento de la Ley Org\u00e1nica 15\/1999, de 13 de diciembre, de Protecci\u00f3n de Datos de Car\u00e1cter Personal (en adelante, LOPD), el Reglamento (UE) 2016\/679 del Parlamento Europeo y del Consejo de 27 de abril de 2016 relativo a la protecci\u00f3n de las personas f\u00edsicas (RGPD), as\u00ed como con la Ley 34\/2002, de 11 de julio, de Servicios de la Sociedad de la Informaci\u00f3n y Comercio Electr\u00f3nico (LSSICE \u00f3 LSSI), as\u00ed como sus normativas de desarrollo dentro de su web\u00a0<strong><u><a href=\"https:\/\/termosol.es\/en\/\" data-type=\"link\" data-id=\"https:\/\/termosol.es\/\" target=\"_blank\" rel=\"noreferrer noopener\">www.termosol.es<\/a><\/u><\/strong>\u00a0(en adelante Sitio Web).<\/p>\n<!-- \/wp:paragraph -->\n\n<!-- wp:paragraph -->\n<p>La presente Pol\u00edtica de Privacidad, podr\u00e1 ser modificada en cualquier momento por razones legales o normativas, por motivos t\u00e9cnicos o por cambios en la prestaci\u00f3n de los servicios del Sitio Web. Cuando esto ocurra y con el objetivo de avisarle, lo publicaremos en el propio Sitio Web y\/o le informaremos a trav\u00e9s de su direcci\u00f3n de correo electr\u00f3nico. Si contin\u00faa utilizando los servicios del Sitio Web, entenderemos que ha aceptado las modificaciones introducidas.<\/p>\n<!-- \/wp:paragraph -->\n\n<!-- wp:paragraph -->\n<p><strong>DATOS DEL RESPONSABLE<\/strong><\/p>\n<!-- \/wp:paragraph -->\n\n<!-- wp:paragraph -->\n<p>Identidad del Responsable: Termosol<br>Nombre comercial: Termosol<br>NIF\/CIF:<br>Direcci\u00f3n:<\/p>\n<!-- \/wp:paragraph -->\n\n<!-- wp:paragraph -->\n<p>Correo electr\u00f3nico:\u00a0<a href=\"mailto:Termosol\">info@termosol.es<\/a><\/p>\n<!-- \/wp:paragraph -->\n\n<!-- wp:paragraph -->\n<p><strong>RECOGIDA DE DATOS<\/strong><\/p>\n<!-- \/wp:paragraph -->\n\n<!-- wp:paragraph -->\n<p>Los usuarios que faciliten sus datos de car\u00e1cter personal, prestan su consentimiento expreso para que los mismos puedan ser comunicados a las empresas colaboradoras, para su debida gesti\u00f3n y tratamiento. Estas empresas se encargan de trabajos como: env\u00edo de emails, promociones y ofertas online. De esta manera, les informamos que \u00fanicamente ser\u00e1n recogidos los datos de car\u00e1cter personal que nos proporcione a trav\u00e9s de los formularios incluidos en la p\u00e1gina web y nuestras direcciones de correo electr\u00f3nico.<\/p>\n<!-- \/wp:paragraph -->\n\n<!-- wp:paragraph -->\n<p><strong>COMUNICACI\u00d3N DE DATOS A TERCEROS<\/strong><\/p>\n<!-- \/wp:paragraph -->\n\n<!-- wp:paragraph -->\n<p>Con car\u00e1cter adicional, le informamos que los datos que Ud. nos remita a trav\u00e9s del Sitio Web podr\u00e1n ser comunicados a terceros en los supuestos que se detallan a continuaci\u00f3n, si no est\u00e1 conforme con alguna de estas cesiones puede comunicarlo a la direcci\u00f3n de email:\u00a0<a href=\"mailto:Termosol\">info@termosol.es<\/a><\/p>\n<!-- \/wp:paragraph -->\n\n<!-- wp:paragraph -->\n<p>El Usuario debe recordar que al usar un enlace para acceder desde el Sitio Web a otro, dejar\u00e1n de surtir efectos la Pol\u00edtica de Privacidad y la Pol\u00edtica de Cookies. La presente Pol\u00edtica de Privacidad no refleja las pr\u00e1cticas en materia de privacidad de esos otros sitios de terceros. Termosol declina cualquier tipo de responsabilidad con respecto a la privacidad y el tratamiento de datos de otros sitios web.<\/p>\n<!-- \/wp:paragraph -->\n\n<!-- wp:paragraph -->\n<p><strong>EJERCICIO DE DERECHOS<\/strong><\/p>\n<!-- \/wp:paragraph -->\n\n<!-- wp:paragraph -->\n<p>En cualquier momento podr\u00e1 ejercer los Derechos de acceso, rectificaci\u00f3n, cancelaci\u00f3n y oposici\u00f3n mediante el env\u00edo de la solicitud de ejercicio correspondiente junto con copia del documento oficial que le identifique (DNI, carnet de conducir o pasaporte) a la direcci\u00f3n de correo electr\u00f3nico\u00a0<a href=\"mailto:Termosol\">info@termosol.es<\/a><\/p>\n<!-- \/wp:paragraph -->\n\n<!-- wp:paragraph -->\n<p><strong>DERECHOS DE PROPIEDAD INTELECTUAL E INDUSTRIAL<\/strong><\/p>\n<!-- \/wp:paragraph -->\n\n<!-- wp:paragraph -->\n<p>En virtud de lo dispuesto en los art\u00edculos 8 y 32.1, p\u00e1rrafo segundo, de la Ley de Propiedad Intelectual, quedan expresamente prohibidas la reproducci\u00f3n, la distribuci\u00f3n y la comunicaci\u00f3n p\u00fablica, incluida su modalidad de puesta a disposici\u00f3n, de la totalidad o parte de los contenidos de esta p\u00e1gina web, con fines comerciales, en cualquier soporte y por cualquier medio t\u00e9cnico, sin la autorizaci\u00f3n de Termosol. El usuario se compromete a respetar los derechos de Propiedad Intelectual e Industrial titularidad de Termosol.<\/p>\n<!-- \/wp:paragraph -->\n\n<!-- wp:paragraph -->\n<p>El usuario conoce y acepta que la totalidad del sitio web, conteniendo sin car\u00e1cter exhaustivo el texto, software, contenidos (incluyendo estructura, selecci\u00f3n, ordenaci\u00f3n y presentaci\u00f3n de los mismos) podcast, fotograf\u00edas, material audiovisual y gr\u00e1ficos, est\u00e1 protegida por marcas, derechos de autor y otros derechos leg\u00edtimos, de acuerdo con los tratados internacionales en los que Espa\u00f1a es parte y otros derechos de propiedad y leyes de Espa\u00f1a.<\/p>\n<!-- \/wp:paragraph -->\n\n<!-- wp:paragraph -->\n<p>En el caso de que un usuario o un tercero consideren que se ha producido una violaci\u00f3n de sus leg\u00edtimos derechos de propiedad intelectual por la introducci\u00f3n de un determinado contenido en la web, deber\u00e1 notificar dicha circunstancia a Termosol indicando:<\/p>\n<!-- \/wp:paragraph -->\n\n<!-- wp:paragraph -->\n<p>Datos personales del interesado titular de los derechos presuntamente infringidos, o indicar la representaci\u00f3n con la que act\u00faa en caso de que la reclamaci\u00f3n la presente un tercero distinto del interesado.<\/p>\n<!-- \/wp:paragraph -->\n\n<!-- wp:paragraph -->\n<p>Se\u00f1alar los contenidos protegidos por los derechos de propiedad intelectual y su ubicaci\u00f3n en la web, la acreditaci\u00f3n de los derechos de propiedad intelectual se\u00f1alados y declaraci\u00f3n expresa en la que el interesado se responsabiliza de la veracidad de las informaciones facilitadas en la notificaci\u00f3n.<\/p>\n<!-- \/wp:paragraph -->\n\n<!-- wp:paragraph -->\n<p><strong>EXCLUSI\u00d3N DE GARANT\u00cdAS Y RESPONSABLE<\/strong><\/p>\n<!-- \/wp:paragraph -->\n\n<!-- wp:paragraph -->\n<p>Termosol no otorga ninguna garant\u00eda ni se hace responsable, en ning\u00fan caso, de los da\u00f1os y perjuicios de cualquier naturaleza que pudieran traer causa de:<\/p>\n<!-- \/wp:paragraph -->\n\n<!-- wp:list -->\n<ul><!-- wp:list-item -->\n<li>La falta de disponibilidad, mantenimiento y efectivo funcionamiento de la web, o de sus servicios y contenidos.<\/li>\n<!-- \/wp:list-item -->\n\n<!-- wp:list-item -->\n<li>La existencia de malware, programas maliciosos o lesivos en los contenidos.<\/li>\n<!-- \/wp:list-item -->\n\n<!-- wp:list-item -->\n<li>El uso il\u00edcito, negligente, fraudulento o contrario a este Aviso Legal.<\/li>\n<!-- \/wp:list-item -->\n\n<!-- wp:list-item -->\n<li>La falta de licitud, calidad, fiabilidad, utilidad y disponibilidad de los servicios prestados por terceros y puestos a disposici\u00f3n de los usuarios en el sitio web.<\/li>\n<!-- \/wp:list-item --><\/ul>\n<!-- \/wp:list -->\n\n<!-- wp:paragraph -->\n<p>El prestador no se hace responsable bajo ning\u00fan concepto de los da\u00f1os que pudieran dimanar del uso ilegal o indebido de la presente p\u00e1gina web.<\/p>\n<!-- \/wp:paragraph -->\t\t\t\t\t\t<\/div>\n\t\t\t\t<\/div>\n\t\t\t\t\t<\/div>\n\t\t<\/div>\n\t\t\t\t\t<\/div>\n\t\t<\/section>\n\t\t\t\t<\/div>","protected":false},"excerpt":{"rendered":"<p>Pol\u00edtica de Privacidad A trav\u00e9s de la presente pol\u00edtica de Protecci\u00f3n de Datos Personales, Termosol, garantiza el cumplimiento de la Ley Org\u00e1nica 15\/1999, de 13 de diciembre, de Protecci\u00f3n de&hellip;<\/p>","protected":false},"author":1,"featured_media":0,"parent":0,"menu_order":0,"comment_status":"closed","ping_status":"closed","template":"","meta":{"footnotes":"","_joinchat":[]},"yoast_head":"<!-- This site is optimized with the Yoast SEO plugin v22.8 - https:\/\/yoast.com\/wordpress\/plugins\/seo\/ -->\n<title>Pol\u00edtica de Privacidad - Termosol<\/title>\n<meta name=\"robots\" content=\"index, follow, max-snippet:-1, max-image-preview:large, max-video-preview:-1\" \/>\n<link rel=\"canonical\" href=\"https:\/\/termosol.es\/en\/politica-de-privacidad\/\" \/>\n<meta property=\"og:locale\" content=\"en_GB\" \/>\n<meta property=\"og:type\" content=\"article\" \/>\n<meta property=\"og:title\" content=\"Pol\u00edtica de Privacidad - Termosol\" \/>\n<meta property=\"og:description\" content=\"Pol\u00edtica de Privacidad A trav\u00e9s de la presente pol\u00edtica de Protecci\u00f3n de Datos Personales, Termosol, garantiza el cumplimiento de la Ley Org\u00e1nica 15\/1999, de 13 de diciembre, de Protecci\u00f3n de&hellip;\" \/>\n<meta property=\"og:url\" content=\"https:\/\/termosol.es\/en\/politica-de-privacidad\/\" \/>\n<meta property=\"og:site_name\" content=\"Termosol\" \/>\n<meta property=\"article:modified_time\" content=\"2024-06-03T10:14:57+00:00\" \/>\n<meta name=\"twitter:card\" content=\"summary_large_image\" \/>\n<meta name=\"twitter:label1\" content=\"Estimated reading time\" \/>\n\t<meta name=\"twitter:data1\" content=\"5 minutes\" \/>\n<script type=\"application\/ld+json\" class=\"yoast-schema-graph\">{\"@context\":\"https:\/\/schema.org\",\"@graph\":[{\"@type\":\"WebPage\",\"@id\":\"https:\/\/termosol.es\/politica-de-privacidad\/\",\"url\":\"https:\/\/termosol.es\/politica-de-privacidad\/\",\"name\":\"Pol\u00edtica de Privacidad - Termosol\",\"isPartOf\":{\"@id\":\"https:\/\/termosol.es\/#website\"},\"datePublished\":\"2024-06-03T09:48:40+00:00\",\"dateModified\":\"2024-06-03T10:14:57+00:00\",\"breadcrumb\":{\"@id\":\"https:\/\/termosol.es\/politica-de-privacidad\/#breadcrumb\"},\"inLanguage\":\"en-GB\",\"potentialAction\":[{\"@type\":\"ReadAction\",\"target\":[\"https:\/\/termosol.es\/politica-de-privacidad\/\"]}]},{\"@type\":\"BreadcrumbList\",\"@id\":\"https:\/\/termosol.es\/politica-de-privacidad\/#breadcrumb\",\"itemListElement\":[{\"@type\":\"ListItem\",\"position\":1,\"name\":\"Portada\",\"item\":\"https:\/\/termosol.es\/\"},{\"@type\":\"ListItem\",\"position\":2,\"name\":\"Pol\u00edtica de Privacidad\"}]},{\"@type\":\"WebSite\",\"@id\":\"https:\/\/termosol.es\/#website\",\"url\":\"https:\/\/termosol.es\/\",\"name\":\"Termosol\",\"description\":\"\",\"publisher\":{\"@id\":\"https:\/\/termosol.es\/#organization\"},\"potentialAction\":[{\"@type\":\"SearchAction\",\"target\":{\"@type\":\"EntryPoint\",\"urlTemplate\":\"https:\/\/termosol.es\/?s={search_term_string}\"},\"query-input\":\"required name=search_term_string\"}],\"inLanguage\":\"en-GB\"},{\"@type\":\"Organization\",\"@id\":\"https:\/\/termosol.es\/#organization\",\"name\":\"Termosol\",\"url\":\"https:\/\/termosol.es\/\",\"logo\":{\"@type\":\"ImageObject\",\"inLanguage\":\"en-GB\",\"@id\":\"https:\/\/termosol.es\/#\/schema\/logo\/image\/\",\"url\":\"https:\/\/termosol.es\/wp-content\/uploads\/2024\/02\/termosol_1_web.jpg\",\"contentUrl\":\"https:\/\/termosol.es\/wp-content\/uploads\/2024\/02\/termosol_1_web.jpg\",\"width\":561,\"height\":95,\"caption\":\"Termosol\"},\"image\":{\"@id\":\"https:\/\/termosol.es\/#\/schema\/logo\/image\/\"}}]}<\/script>\n<!-- \/ Yoast SEO plugin. -->","yoast_head_json":{"title":"Pol\u00edtica de Privacidad - Termosol","robots":{"index":"index","follow":"follow","max-snippet":"max-snippet:-1","max-image-preview":"max-image-preview:large","max-video-preview":"max-video-preview:-1"},"canonical":"https:\/\/termosol.es\/en\/politica-de-privacidad\/","og_locale":"en_GB","og_type":"article","og_title":"Pol\u00edtica de Privacidad - Termosol","og_description":"Pol\u00edtica de Privacidad A trav\u00e9s de la presente pol\u00edtica de Protecci\u00f3n de Datos Personales, Termosol, garantiza el cumplimiento de la Ley Org\u00e1nica 15\/1999, de 13 de diciembre, de Protecci\u00f3n de&hellip;","og_url":"https:\/\/termosol.es\/en\/politica-de-privacidad\/","og_site_name":"Termosol","article_modified_time":"2024-06-03T10:14:57+00:00","twitter_card":"summary_large_image","twitter_misc":{"Estimated reading time":"5 minutes"},"schema":{"@context":"https:\/\/schema.org","@graph":[{"@type":"WebPage","@id":"https:\/\/termosol.es\/politica-de-privacidad\/","url":"https:\/\/termosol.es\/politica-de-privacidad\/","name":"Pol\u00edtica de Privacidad - Termosol","isPartOf":{"@id":"https:\/\/termosol.es\/#website"},"datePublished":"2024-06-03T09:48:40+00:00","dateModified":"2024-06-03T10:14:57+00:00","breadcrumb":{"@id":"https:\/\/termosol.es\/politica-de-privacidad\/#breadcrumb"},"inLanguage":"en-GB","potentialAction":[{"@type":"ReadAction","target":["https:\/\/termosol.es\/politica-de-privacidad\/"]}]},{"@type":"BreadcrumbList","@id":"https:\/\/termosol.es\/politica-de-privacidad\/#breadcrumb","itemListElement":[{"@type":"ListItem","position":1,"name":"Portada","item":"https:\/\/termosol.es\/"},{"@type":"ListItem","position":2,"name":"Pol\u00edtica de Privacidad"}]},{"@type":"WebSite","@id":"https:\/\/termosol.es\/#website","url":"https:\/\/termosol.es\/","name":"Termosol","description":"","publisher":{"@id":"https:\/\/termosol.es\/#organization"},"potentialAction":[{"@type":"SearchAction","target":{"@type":"EntryPoint","urlTemplate":"https:\/\/termosol.es\/?s={search_term_string}"},"query-input":"required name=search_term_string"}],"inLanguage":"en-GB"},{"@type":"Organization","@id":"https:\/\/termosol.es\/#organization","name":"Termosol","url":"https:\/\/termosol.es\/","logo":{"@type":"ImageObject","inLanguage":"en-GB","@id":"https:\/\/termosol.es\/#\/schema\/logo\/image\/","url":"https:\/\/termosol.es\/wp-content\/uploads\/2024\/02\/termosol_1_web.jpg","contentUrl":"https:\/\/termosol.es\/wp-content\/uploads\/2024\/02\/termosol_1_web.jpg","width":561,"height":95,"caption":"Termosol"},"image":{"@id":"https:\/\/termosol.es\/#\/schema\/logo\/image\/"}}]}},"_links":{"self":[{"href":"https:\/\/termosol.es\/en\/wp-json\/wp\/v2\/pages\/19511"}],"collection":[{"href":"https:\/\/termosol.es\/en\/wp-json\/wp\/v2\/pages"}],"about":[{"href":"https:\/\/termosol.es\/en\/wp-json\/wp\/v2\/types\/page"}],"author":[{"embeddable":true,"href":"https:\/\/termosol.es\/en\/wp-json\/wp\/v2\/users\/1"}],"replies":[{"embeddable":true,"href":"https:\/\/termosol.es\/en\/wp-json\/wp\/v2\/comments?post=19511"}],"version-history":[{"count":5,"href":"https:\/\/termosol.es\/en\/wp-json\/wp\/v2\/pages\/19511\/revisions"}],"predecessor-version":[{"id":19527,"href":"https:\/\/termosol.es\/en\/wp-json\/wp\/v2\/pages\/19511\/revisions\/19527"}],"wp:attachment":[{"href":"https:\/\/termosol.es\/en\/wp-json\/wp\/v2\/media?parent=19511"}],"curies":[{"name":"wp","href":"https:\/\/api.w.org\/{rel}","templated":true}]}}